{"id":3522,"date":"2025-08-15T06:27:58","date_gmt":"2025-08-15T06:27:58","guid":{"rendered":"https:\/\/goldendrive.ee\/?page_id=3522"},"modified":"2025-08-15T06:33:24","modified_gmt":"2025-08-15T06:33:24","slug":"%d0%bf%d0%be%d0%bb%d0%b8%d1%82%d0%b8%d0%ba%d0%b0-%d0%b8%d1%81%d0%bf%d0%be%d0%bb%d1%8c%d0%b7%d0%be%d0%b2%d0%b0%d0%bd%d0%b8%d1%8f-%d1%84%d0%b0%d0%b9%d0%bb%d0%be%d0%b2-cookie","status":"publish","type":"page","link":"https:\/\/goldendrive.ee\/ru\/%d0%bf%d0%be%d0%bb%d0%b8%d1%82%d0%b8%d0%ba%d0%b0-%d0%b8%d1%81%d0%bf%d0%be%d0%bb%d1%8c%d0%b7%d0%be%d0%b2%d0%b0%d0%bd%d0%b8%d1%8f-%d1%84%d0%b0%d0%b9%d0%bb%d0%be%d0%b2-cookie\/","title":{"rendered":"\u041f\u043e\u043b\u0438\u0442\u0438\u043a\u0430 \u0438\u0441\u043f\u043e\u043b\u044c\u0437\u043e\u0432\u0430\u043d\u0438\u044f \u0444\u0430\u0439\u043b\u043e\u0432 cookie"},"content":{"rendered":"\t\t<div data-elementor-type=\"wp-page\" data-elementor-id=\"3522\" class=\"elementor elementor-3522 elementor-3514\" data-elementor-settings=\"{&quot;element_pack_global_tooltip_width&quot;:{&quot;unit&quot;:&quot;px&quot;,&quot;size&quot;:&quot;&quot;,&quot;sizes&quot;:[]},&quot;element_pack_global_tooltip_width_tablet&quot;:{&quot;unit&quot;:&quot;px&quot;,&quot;size&quot;:&quot;&quot;,&quot;sizes&quot;:[]},&quot;element_pack_global_tooltip_width_mobile&quot;:{&quot;unit&quot;:&quot;px&quot;,&quot;size&quot;:&quot;&quot;,&quot;sizes&quot;:[]},&quot;element_pack_global_tooltip_padding&quot;:{&quot;unit&quot;:&quot;px&quot;,&quot;top&quot;:&quot;&quot;,&quot;right&quot;:&quot;&quot;,&quot;bottom&quot;:&quot;&quot;,&quot;left&quot;:&quot;&quot;,&quot;isLinked&quot;:true},&quot;element_pack_global_tooltip_padding_tablet&quot;:{&quot;unit&quot;:&quot;px&quot;,&quot;top&quot;:&quot;&quot;,&quot;right&quot;:&quot;&quot;,&quot;bottom&quot;:&quot;&quot;,&quot;left&quot;:&quot;&quot;,&quot;isLinked&quot;:true},&quot;element_pack_global_tooltip_padding_mobile&quot;:{&quot;unit&quot;:&quot;px&quot;,&quot;top&quot;:&quot;&quot;,&quot;right&quot;:&quot;&quot;,&quot;bottom&quot;:&quot;&quot;,&quot;left&quot;:&quot;&quot;,&quot;isLinked&quot;:true},&quot;element_pack_global_tooltip_border_radius&quot;:{&quot;unit&quot;:&quot;px&quot;,&quot;top&quot;:&quot;&quot;,&quot;right&quot;:&quot;&quot;,&quot;bottom&quot;:&quot;&quot;,&quot;left&quot;:&quot;&quot;,&quot;isLinked&quot;:true},&quot;element_pack_global_tooltip_border_radius_tablet&quot;:{&quot;unit&quot;:&quot;px&quot;,&quot;top&quot;:&quot;&quot;,&quot;right&quot;:&quot;&quot;,&quot;bottom&quot;:&quot;&quot;,&quot;left&quot;:&quot;&quot;,&quot;isLinked&quot;:true},&quot;element_pack_global_tooltip_border_radius_mobile&quot;:{&quot;unit&quot;:&quot;px&quot;,&quot;top&quot;:&quot;&quot;,&quot;right&quot;:&quot;&quot;,&quot;bottom&quot;:&quot;&quot;,&quot;left&quot;:&quot;&quot;,&quot;isLinked&quot;:true}}\" data-elementor-post-type=\"page\">\n\t\t\t\t<div class=\"elementor-element elementor-element-3db1b3e e-flex e-con-boxed e-con e-parent\" data-id=\"3db1b3e\" data-element_type=\"container\">\n\t\t\t\t\t<div class=\"e-con-inner\">\n\t\t\t\t<div class=\"elementor-element elementor-element-425835b elementor-widget elementor-widget-text-editor\" data-id=\"425835b\" data-element_type=\"widget\" data-widget_type=\"text-editor.default\">\n\t\t\t\t\t\t\t\t\t<h2 data-start=\"1283\" data-end=\"1339\">\u041f\u043e\u043b\u0438\u0442\u0438\u043a\u0430 \u0438\u0441\u043f\u043e\u043b\u044c\u0437\u043e\u0432\u0430\u043d\u0438\u044f \u0444\u0430\u0439\u043b\u043e\u0432 cookie<\/h2><p data-start=\"1341\" data-end=\"1562\">1. \u0427\u0442\u043e \u0442\u0430\u043a\u043e\u0435 cookie<br data-start=\"1364\" data-end=\"1367\" \/>Cookie (\u043a\u0443\u043a\u0438) \u2014 \u044d\u0442\u043e \u043d\u0435\u0431\u043e\u043b\u044c\u0448\u043e\u0439 \u0442\u0435\u043a\u0441\u0442\u043e\u0432\u044b\u0439 \u0444\u0430\u0439\u043b, \u043a\u043e\u0442\u043e\u0440\u044b\u0439 \u0441\u043e\u0445\u0440\u0430\u043d\u044f\u0435\u0442\u0441\u044f \u043d\u0430 \u0432\u0430\u0448\u0435\u043c \u0443\u0441\u0442\u0440\u043e\u0439\u0441\u0442\u0432\u0435 \u043f\u0440\u0438 \u043f\u043e\u0441\u0435\u0449\u0435\u043d\u0438\u0438 \u0441\u0430\u0439\u0442\u0430. \u041e\u043d \u043f\u043e\u043c\u043e\u0433\u0430\u0435\u0442 \u0441\u0430\u0439\u0442\u0443 \u0437\u0430\u043f\u043e\u043c\u043d\u0438\u0442\u044c \u0432\u0430\u0448\u0438 \u043d\u0430\u0441\u0442\u0440\u043e\u0439\u043a\u0438 \u0438 \u0441\u043e\u0431\u0438\u0440\u0430\u0442\u044c \u0441\u0442\u0430\u0442\u0438\u0441\u0442\u0438\u043a\u0443 \u0434\u043b\u044f \u0443\u043b\u0443\u0447\u0448\u0435\u043d\u0438\u044f \u0440\u0430\u0431\u043e\u0442\u044b.<\/p><p data-start=\"1564\" data-end=\"1599\">2. \u041a\u0430\u043a\u0438\u0435 cookie \u043c\u044b \u0438\u0441\u043f\u043e\u043b\u044c\u0437\u0443\u0435\u043c<\/p><ul data-start=\"1601\" data-end=\"2024\"><li data-start=\"1601\" data-end=\"1707\"><p data-start=\"1603\" data-end=\"1707\">\u041d\u0435\u043e\u0431\u0445\u043e\u0434\u0438\u043c\u044b\u0435 cookie \u2013 \u043e\u0431\u0435\u0441\u043f\u0435\u0447\u0438\u0432\u0430\u044e\u0442 \u0440\u0430\u0431\u043e\u0442\u0443 \u0441\u0430\u0439\u0442\u0430 \u0438 \u0444\u043e\u0440\u043c\u044b \u0431\u0440\u043e\u043d\u0438\u0440\u043e\u0432\u0430\u043d\u0438\u044f (\u043d\u0430\u043f\u0440\u0438\u043c\u0435\u0440, \u0441\u043e\u0445\u0440\u0430\u043d\u0435\u043d\u0438\u0435 \u0441\u0435\u0441\u0441\u0438\u0438).<\/p><\/li><li data-start=\"1708\" data-end=\"1793\"><p data-start=\"1710\" data-end=\"1793\">\u0424\u0443\u043d\u043a\u0446\u0438\u043e\u043d\u0430\u043b\u044c\u043d\u044b\u0435 cookie \u2013 \u0437\u0430\u043f\u043e\u043c\u0438\u043d\u0430\u044e\u0442 \u0432\u0430\u0448\u0438 \u043d\u0430\u0441\u0442\u0440\u043e\u0439\u043a\u0438 (\u043d\u0430\u043f\u0440\u0438\u043c\u0435\u0440, \u0432\u044b\u0431\u0440\u0430\u043d\u043d\u044b\u0439 \u044f\u0437\u044b\u043a).<\/p><\/li><li data-start=\"1794\" data-end=\"1904\"><p data-start=\"1796\" data-end=\"1904\">\u0410\u043d\u0430\u043b\u0438\u0442\u0438\u0447\u0435\u0441\u043a\u0438\u0435 cookie \u2013 \u0441\u043e\u0431\u0438\u0440\u0430\u044e\u0442 \u0430\u043d\u043e\u043d\u0438\u043c\u043d\u0443\u044e \u0441\u0442\u0430\u0442\u0438\u0441\u0442\u0438\u043a\u0443 \u0438\u0441\u043f\u043e\u043b\u044c\u0437\u043e\u0432\u0430\u043d\u0438\u044f \u0441\u0430\u0439\u0442\u0430 (\u043d\u0430\u043f\u0440\u0438\u043c\u0435\u0440, Google Analytics).<\/p><\/li><li data-start=\"1905\" data-end=\"2024\"><p data-start=\"1907\" data-end=\"2024\">\u041c\u0430\u0440\u043a\u0435\u0442\u0438\u043d\u0433\u043e\u0432\u044b\u0435 cookie \u2013 \u0438\u0441\u043f\u043e\u043b\u044c\u0437\u0443\u044e\u0442\u0441\u044f \u0434\u043b\u044f \u043f\u043e\u043a\u0430\u0437\u0430 \u0438 \u043f\u0435\u0440\u0441\u043e\u043d\u0430\u043b\u0438\u0437\u0430\u0446\u0438\u0438 \u0440\u0435\u043a\u043b\u0430\u043c\u044b (\u0442\u043e\u043b\u044c\u043a\u043e \u0435\u0441\u043b\u0438 \u0442\u0430\u043a\u0438\u0435 \u0441\u0435\u0440\u0432\u0438\u0441\u044b \u043f\u043e\u0434\u043a\u043b\u044e\u0447\u0435\u043d\u044b).<\/p><\/li><\/ul><p data-start=\"2026\" data-end=\"2193\">3. \u041a\u0430\u043a \u0443\u043f\u0440\u0430\u0432\u043b\u044f\u0442\u044c cookie<br data-start=\"2053\" data-end=\"2056\" \/>\u0412\u044b \u043c\u043e\u0436\u0435\u0442\u0435 \u0437\u0430\u043f\u0440\u0435\u0442\u0438\u0442\u044c \u0438\u0441\u043f\u043e\u043b\u044c\u0437\u043e\u0432\u0430\u043d\u0438\u0435 cookie \u0438\u043b\u0438 \u0443\u0434\u0430\u043b\u0438\u0442\u044c \u0438\u0445 \u0432 \u043d\u0430\u0441\u0442\u0440\u043e\u0439\u043a\u0430\u0445 \u0432\u0430\u0448\u0435\u0433\u043e \u0431\u0440\u0430\u0443\u0437\u0435\u0440\u0430. \u041e\u0442\u043a\u043b\u044e\u0447\u0435\u043d\u0438\u0435 cookie \u043c\u043e\u0436\u0435\u0442 \u043f\u043e\u0432\u043b\u0438\u044f\u0442\u044c \u043d\u0430 \u0440\u0430\u0431\u043e\u0442\u0443 \u0441\u0430\u0439\u0442\u0430.<\/p><p data-start=\"2195\" data-end=\"2320\">4. \u041a\u043e\u043d\u0442\u0430\u043a\u0442\u044b<br data-start=\"2210\" data-end=\"2213\" \/>\u041f\u043e \u0432\u043e\u043f\u0440\u043e\u0441\u0430\u043c \u0438\u0441\u043f\u043e\u043b\u044c\u0437\u043e\u0432\u0430\u043d\u0438\u044f cookie \u043e\u0431\u0440\u0430\u0449\u0430\u0439\u0442\u0435\u0441\u044c:<br data-start=\"2258\" data-end=\"2261\" \/>E-mail: <a class=\"cursor-pointer\" rel=\"noopener\" data-start=\"2271\" data-end=\"2290\">info@goldendrive.ee<\/a><br data-start=\"2292\" data-end=\"2295\" \/>\u0422\u0435\u043b.: +372 551 8121<\/p>\t\t\t\t\t\t\t\t<\/div>\n\t\t\t\t\t<\/div>\n\t\t\t\t<\/div>\n\t\t\t\t<\/div>\n\t\t","protected":false},"excerpt":{"rendered":"<p>\u041f\u043e\u043b\u0438\u0442\u0438\u043a\u0430 \u0438\u0441\u043f\u043e\u043b\u044c\u0437\u043e\u0432\u0430\u043d\u0438\u044f \u0444\u0430\u0439\u043b\u043e\u0432 cookie 1. \u0427\u0442\u043e \u0442\u0430\u043a\u043e\u0435 cookieCookie (\u043a\u0443\u043a\u0438) \u2014 \u044d\u0442\u043e \u043d\u0435\u0431\u043e\u043b\u044c\u0448\u043e\u0439 \u0442\u0435\u043a\u0441\u0442\u043e\u0432\u044b\u0439 \u0444\u0430\u0439\u043b, \u043a\u043e\u0442\u043e\u0440\u044b\u0439 \u0441\u043e\u0445\u0440\u0430\u043d\u044f\u0435\u0442\u0441\u044f \u043d\u0430 \u0432\u0430\u0448\u0435\u043c \u0443\u0441\u0442\u0440\u043e\u0439\u0441\u0442\u0432\u0435 \u043f\u0440\u0438 \u043f\u043e\u0441\u0435\u0449\u0435\u043d\u0438\u0438 \u0441\u0430\u0439\u0442\u0430. \u041e\u043d \u043f\u043e\u043c\u043e\u0433\u0430\u0435\u0442 \u0441\u0430\u0439\u0442\u0443 \u0437\u0430\u043f\u043e\u043c\u043d\u0438\u0442\u044c \u0432\u0430\u0448\u0438 \u043d\u0430\u0441\u0442\u0440\u043e\u0439\u043a\u0438 \u0438 \u0441\u043e\u0431\u0438\u0440\u0430\u0442\u044c \u0441\u0442\u0430\u0442\u0438\u0441\u0442\u0438\u043a\u0443 \u0434\u043b\u044f \u0443\u043b\u0443\u0447\u0448\u0435\u043d\u0438\u044f \u0440\u0430\u0431\u043e\u0442\u044b. 2. \u041a\u0430\u043a\u0438\u0435 cookie \u043c\u044b \u0438\u0441\u043f\u043e\u043b\u044c\u0437\u0443\u0435\u043c \u041d\u0435\u043e\u0431\u0445\u043e\u0434\u0438\u043c\u044b\u0435 cookie \u2013 \u043e\u0431\u0435\u0441\u043f\u0435\u0447\u0438\u0432\u0430\u044e\u0442 \u0440\u0430\u0431\u043e\u0442\u0443 \u0441\u0430\u0439\u0442\u0430 \u0438 \u0444\u043e\u0440\u043c\u044b \u0431\u0440\u043e\u043d\u0438\u0440\u043e\u0432\u0430\u043d\u0438\u044f (\u043d\u0430\u043f\u0440\u0438\u043c\u0435\u0440, \u0441\u043e\u0445\u0440\u0430\u043d\u0435\u043d\u0438\u0435 \u0441\u0435\u0441\u0441\u0438\u0438). \u0424\u0443\u043d\u043a\u0446\u0438\u043e\u043d\u0430\u043b\u044c\u043d\u044b\u0435 cookie \u2013 \u0437\u0430\u043f\u043e\u043c\u0438\u043d\u0430\u044e\u0442 [&hellip;]<\/p>\n","protected":false},"author":2,"featured_media":0,"parent":0,"menu_order":0,"comment_status":"closed","ping_status":"closed","template":"","meta":{"_acf_changed":false,"footnotes":""},"class_list":["post-3522","page","type-page","status-publish","hentry"],"acf":[],"yoast_head":"<!-- This site is optimized with the Yoast SEO plugin v26.6 - https:\/\/yoast.com\/wordpress\/plugins\/seo\/ -->\n<title>\u041f\u043e\u043b\u0438\u0442\u0438\u043a\u0430 \u0438\u0441\u043f\u043e\u043b\u044c\u0437\u043e\u0432\u0430\u043d\u0438\u044f \u0444\u0430\u0439\u043b\u043e\u0432 cookie - Golden Drive<\/title>\n<meta name=\"description\" content=\"Premium-transfeer ja personaalne saateteenus Eestis. VIP-s\u00f5idud neile, kes hindavad mugavust, usaldusv\u00e4\u00e4rsust ja diskreetset teenindust.\" \/>\n<meta name=\"robots\" content=\"index, follow, max-snippet:-1, max-image-preview:large, max-video-preview:-1\" \/>\n<link rel=\"canonical\" href=\"https:\/\/goldendrive.ee\/kupsiste-poliitika\/\" \/>\n<meta property=\"og:locale\" content=\"ru_RU\" \/>\n<meta property=\"og:type\" content=\"article\" \/>\n<meta property=\"og:title\" content=\"\u041f\u043e\u043b\u0438\u0442\u0438\u043a\u0430 \u0438\u0441\u043f\u043e\u043b\u044c\u0437\u043e\u0432\u0430\u043d\u0438\u044f \u0444\u0430\u0439\u043b\u043e\u0432 cookie - Golden Drive\" \/>\n<meta property=\"og:description\" content=\"Premium-transfeer ja personaalne saateteenus Eestis. VIP-s\u00f5idud neile, kes hindavad mugavust, usaldusv\u00e4\u00e4rsust ja diskreetset teenindust.\" \/>\n<meta property=\"og:url\" content=\"https:\/\/goldendrive.ee\/kupsiste-poliitika\/\" \/>\n<meta property=\"og:site_name\" content=\"Golden Drive\" \/>\n<meta property=\"article:modified_time\" content=\"2025-08-15T06:33:24+00:00\" \/>\n<meta property=\"og:image\" content=\"https:\/\/goldendrive.ee\/wp-content\/uploads\/2025\/07\/main-goldendrive.jpg\" \/>\n\t<meta property=\"og:image:width\" content=\"1920\" \/>\n\t<meta property=\"og:image:height\" content=\"1280\" \/>\n\t<meta property=\"og:image:type\" content=\"image\/jpeg\" \/>\n<meta name=\"twitter:card\" content=\"summary_large_image\" \/>\n<script type=\"application\/ld+json\" class=\"yoast-schema-graph\">{\"@context\":\"https:\/\/schema.org\",\"@graph\":[{\"@type\":\"WebPage\",\"@id\":\"https:\/\/goldendrive.ee\/kupsiste-poliitika\/\",\"url\":\"https:\/\/goldendrive.ee\/kupsiste-poliitika\/\",\"name\":\"\u041f\u043e\u043b\u0438\u0442\u0438\u043a\u0430 \u0438\u0441\u043f\u043e\u043b\u044c\u0437\u043e\u0432\u0430\u043d\u0438\u044f \u0444\u0430\u0439\u043b\u043e\u0432 cookie - Golden Drive\",\"isPartOf\":{\"@id\":\"https:\/\/goldendrive.ee\/#website\"},\"datePublished\":\"2025-08-15T06:27:58+00:00\",\"dateModified\":\"2025-08-15T06:33:24+00:00\",\"description\":\"Premium-transfeer ja personaalne saateteenus Eestis. VIP-s\u00f5idud neile, kes hindavad mugavust, usaldusv\u00e4\u00e4rsust ja diskreetset teenindust.\",\"breadcrumb\":{\"@id\":\"https:\/\/goldendrive.ee\/kupsiste-poliitika\/#breadcrumb\"},\"inLanguage\":\"ru-RU\",\"potentialAction\":[{\"@type\":\"ReadAction\",\"target\":[\"https:\/\/goldendrive.ee\/kupsiste-poliitika\/\"]}]},{\"@type\":\"BreadcrumbList\",\"@id\":\"https:\/\/goldendrive.ee\/kupsiste-poliitika\/#breadcrumb\",\"itemListElement\":[{\"@type\":\"ListItem\",\"position\":1,\"name\":\"Home\",\"item\":\"https:\/\/goldendrive.ee\/\"},{\"@type\":\"ListItem\",\"position\":2,\"name\":\"\u041f\u043e\u043b\u0438\u0442\u0438\u043a\u0430 \u0438\u0441\u043f\u043e\u043b\u044c\u0437\u043e\u0432\u0430\u043d\u0438\u044f \u0444\u0430\u0439\u043b\u043e\u0432 cookie\"}]},{\"@type\":\"WebSite\",\"@id\":\"https:\/\/goldendrive.ee\/#website\",\"url\":\"https:\/\/goldendrive.ee\/\",\"name\":\"Golden Drive\",\"description\":\"Premium-transfeer ja personaalne saateteenus Eestis\",\"publisher\":{\"@id\":\"https:\/\/goldendrive.ee\/#organization\"},\"alternateName\":\"Golden Drive\",\"potentialAction\":[{\"@type\":\"SearchAction\",\"target\":{\"@type\":\"EntryPoint\",\"urlTemplate\":\"https:\/\/goldendrive.ee\/?s={search_term_string}\"},\"query-input\":{\"@type\":\"PropertyValueSpecification\",\"valueRequired\":true,\"valueName\":\"search_term_string\"}}],\"inLanguage\":\"ru-RU\"},{\"@type\":\"Organization\",\"@id\":\"https:\/\/goldendrive.ee\/#organization\",\"name\":\"Golden Drive\",\"url\":\"https:\/\/goldendrive.ee\/\",\"logo\":{\"@type\":\"ImageObject\",\"inLanguage\":\"ru-RU\",\"@id\":\"https:\/\/goldendrive.ee\/#\/schema\/logo\/image\/\",\"url\":\"https:\/\/goldendrive.ee\/wp-content\/uploads\/2025\/07\/logo-up.svg\",\"contentUrl\":\"https:\/\/goldendrive.ee\/wp-content\/uploads\/2025\/07\/logo-up.svg\",\"width\":909,\"height\":383,\"caption\":\"Golden Drive\"},\"image\":{\"@id\":\"https:\/\/goldendrive.ee\/#\/schema\/logo\/image\/\"}}]}<\/script>\n<!-- \/ Yoast SEO plugin. -->","yoast_head_json":{"title":"\u041f\u043e\u043b\u0438\u0442\u0438\u043a\u0430 \u0438\u0441\u043f\u043e\u043b\u044c\u0437\u043e\u0432\u0430\u043d\u0438\u044f \u0444\u0430\u0439\u043b\u043e\u0432 cookie - Golden Drive","description":"Premium-transfeer ja personaalne saateteenus Eestis. VIP-s\u00f5idud neile, kes hindavad mugavust, usaldusv\u00e4\u00e4rsust ja diskreetset teenindust.","robots":{"index":"index","follow":"follow","max-snippet":"max-snippet:-1","max-image-preview":"max-image-preview:large","max-video-preview":"max-video-preview:-1"},"canonical":"https:\/\/goldendrive.ee\/kupsiste-poliitika\/","og_locale":"ru_RU","og_type":"article","og_title":"\u041f\u043e\u043b\u0438\u0442\u0438\u043a\u0430 \u0438\u0441\u043f\u043e\u043b\u044c\u0437\u043e\u0432\u0430\u043d\u0438\u044f \u0444\u0430\u0439\u043b\u043e\u0432 cookie - Golden Drive","og_description":"Premium-transfeer ja personaalne saateteenus Eestis. VIP-s\u00f5idud neile, kes hindavad mugavust, usaldusv\u00e4\u00e4rsust ja diskreetset teenindust.","og_url":"https:\/\/goldendrive.ee\/kupsiste-poliitika\/","og_site_name":"Golden Drive","article_modified_time":"2025-08-15T06:33:24+00:00","og_image":[{"width":1920,"height":1280,"url":"https:\/\/goldendrive.ee\/wp-content\/uploads\/2025\/07\/main-goldendrive.jpg","type":"image\/jpeg"}],"twitter_card":"summary_large_image","schema":{"@context":"https:\/\/schema.org","@graph":[{"@type":"WebPage","@id":"https:\/\/goldendrive.ee\/kupsiste-poliitika\/","url":"https:\/\/goldendrive.ee\/kupsiste-poliitika\/","name":"\u041f\u043e\u043b\u0438\u0442\u0438\u043a\u0430 \u0438\u0441\u043f\u043e\u043b\u044c\u0437\u043e\u0432\u0430\u043d\u0438\u044f \u0444\u0430\u0439\u043b\u043e\u0432 cookie - Golden Drive","isPartOf":{"@id":"https:\/\/goldendrive.ee\/#website"},"datePublished":"2025-08-15T06:27:58+00:00","dateModified":"2025-08-15T06:33:24+00:00","description":"Premium-transfeer ja personaalne saateteenus Eestis. VIP-s\u00f5idud neile, kes hindavad mugavust, usaldusv\u00e4\u00e4rsust ja diskreetset teenindust.","breadcrumb":{"@id":"https:\/\/goldendrive.ee\/kupsiste-poliitika\/#breadcrumb"},"inLanguage":"ru-RU","potentialAction":[{"@type":"ReadAction","target":["https:\/\/goldendrive.ee\/kupsiste-poliitika\/"]}]},{"@type":"BreadcrumbList","@id":"https:\/\/goldendrive.ee\/kupsiste-poliitika\/#breadcrumb","itemListElement":[{"@type":"ListItem","position":1,"name":"Home","item":"https:\/\/goldendrive.ee\/"},{"@type":"ListItem","position":2,"name":"\u041f\u043e\u043b\u0438\u0442\u0438\u043a\u0430 \u0438\u0441\u043f\u043e\u043b\u044c\u0437\u043e\u0432\u0430\u043d\u0438\u044f \u0444\u0430\u0439\u043b\u043e\u0432 cookie"}]},{"@type":"WebSite","@id":"https:\/\/goldendrive.ee\/#website","url":"https:\/\/goldendrive.ee\/","name":"Golden Drive","description":"Premium-transfeer ja personaalne saateteenus Eestis","publisher":{"@id":"https:\/\/goldendrive.ee\/#organization"},"alternateName":"Golden Drive","potentialAction":[{"@type":"SearchAction","target":{"@type":"EntryPoint","urlTemplate":"https:\/\/goldendrive.ee\/?s={search_term_string}"},"query-input":{"@type":"PropertyValueSpecification","valueRequired":true,"valueName":"search_term_string"}}],"inLanguage":"ru-RU"},{"@type":"Organization","@id":"https:\/\/goldendrive.ee\/#organization","name":"Golden Drive","url":"https:\/\/goldendrive.ee\/","logo":{"@type":"ImageObject","inLanguage":"ru-RU","@id":"https:\/\/goldendrive.ee\/#\/schema\/logo\/image\/","url":"https:\/\/goldendrive.ee\/wp-content\/uploads\/2025\/07\/logo-up.svg","contentUrl":"https:\/\/goldendrive.ee\/wp-content\/uploads\/2025\/07\/logo-up.svg","width":909,"height":383,"caption":"Golden Drive"},"image":{"@id":"https:\/\/goldendrive.ee\/#\/schema\/logo\/image\/"}}]}},"_links":{"self":[{"href":"https:\/\/goldendrive.ee\/ru\/wp-json\/wp\/v2\/pages\/3522","targetHints":{"allow":["GET"]}}],"collection":[{"href":"https:\/\/goldendrive.ee\/ru\/wp-json\/wp\/v2\/pages"}],"about":[{"href":"https:\/\/goldendrive.ee\/ru\/wp-json\/wp\/v2\/types\/page"}],"author":[{"embeddable":true,"href":"https:\/\/goldendrive.ee\/ru\/wp-json\/wp\/v2\/users\/2"}],"replies":[{"embeddable":true,"href":"https:\/\/goldendrive.ee\/ru\/wp-json\/wp\/v2\/comments?post=3522"}],"version-history":[{"count":4,"href":"https:\/\/goldendrive.ee\/ru\/wp-json\/wp\/v2\/pages\/3522\/revisions"}],"predecessor-version":[{"id":3526,"href":"https:\/\/goldendrive.ee\/ru\/wp-json\/wp\/v2\/pages\/3522\/revisions\/3526"}],"wp:attachment":[{"href":"https:\/\/goldendrive.ee\/ru\/wp-json\/wp\/v2\/media?parent=3522"}],"curies":[{"name":"wp","href":"https:\/\/api.w.org\/{rel}","templated":true}]}}