{"id":3532,"date":"2025-08-15T06:27:58","date_gmt":"2025-08-15T06:27:58","guid":{"rendered":"https:\/\/goldendrive.ee\/?page_id=3532"},"modified":"2025-08-15T06:36:46","modified_gmt":"2025-08-15T06:36:46","slug":"evastekaytanto","status":"publish","type":"page","link":"https:\/\/goldendrive.ee\/fi\/evastekaytanto\/","title":{"rendered":"Ev\u00e4stek\u00e4yt\u00e4nt\u00f6"},"content":{"rendered":"\t\t<div data-elementor-type=\"wp-page\" data-elementor-id=\"3532\" class=\"elementor elementor-3532 elementor-3514\" data-elementor-settings=\"{&quot;element_pack_global_tooltip_width&quot;:{&quot;unit&quot;:&quot;px&quot;,&quot;size&quot;:&quot;&quot;,&quot;sizes&quot;:[]},&quot;element_pack_global_tooltip_width_tablet&quot;:{&quot;unit&quot;:&quot;px&quot;,&quot;size&quot;:&quot;&quot;,&quot;sizes&quot;:[]},&quot;element_pack_global_tooltip_width_mobile&quot;:{&quot;unit&quot;:&quot;px&quot;,&quot;size&quot;:&quot;&quot;,&quot;sizes&quot;:[]},&quot;element_pack_global_tooltip_padding&quot;:{&quot;unit&quot;:&quot;px&quot;,&quot;top&quot;:&quot;&quot;,&quot;right&quot;:&quot;&quot;,&quot;bottom&quot;:&quot;&quot;,&quot;left&quot;:&quot;&quot;,&quot;isLinked&quot;:true},&quot;element_pack_global_tooltip_padding_tablet&quot;:{&quot;unit&quot;:&quot;px&quot;,&quot;top&quot;:&quot;&quot;,&quot;right&quot;:&quot;&quot;,&quot;bottom&quot;:&quot;&quot;,&quot;left&quot;:&quot;&quot;,&quot;isLinked&quot;:true},&quot;element_pack_global_tooltip_padding_mobile&quot;:{&quot;unit&quot;:&quot;px&quot;,&quot;top&quot;:&quot;&quot;,&quot;right&quot;:&quot;&quot;,&quot;bottom&quot;:&quot;&quot;,&quot;left&quot;:&quot;&quot;,&quot;isLinked&quot;:true},&quot;element_pack_global_tooltip_border_radius&quot;:{&quot;unit&quot;:&quot;px&quot;,&quot;top&quot;:&quot;&quot;,&quot;right&quot;:&quot;&quot;,&quot;bottom&quot;:&quot;&quot;,&quot;left&quot;:&quot;&quot;,&quot;isLinked&quot;:true},&quot;element_pack_global_tooltip_border_radius_tablet&quot;:{&quot;unit&quot;:&quot;px&quot;,&quot;top&quot;:&quot;&quot;,&quot;right&quot;:&quot;&quot;,&quot;bottom&quot;:&quot;&quot;,&quot;left&quot;:&quot;&quot;,&quot;isLinked&quot;:true},&quot;element_pack_global_tooltip_border_radius_mobile&quot;:{&quot;unit&quot;:&quot;px&quot;,&quot;top&quot;:&quot;&quot;,&quot;right&quot;:&quot;&quot;,&quot;bottom&quot;:&quot;&quot;,&quot;left&quot;:&quot;&quot;,&quot;isLinked&quot;:true}}\" data-elementor-post-type=\"page\">\n\t\t\t\t<div class=\"elementor-element elementor-element-3db1b3e e-flex e-con-boxed e-con e-parent\" data-id=\"3db1b3e\" data-element_type=\"container\">\n\t\t\t\t\t<div class=\"e-con-inner\">\n\t\t\t\t<div class=\"elementor-element elementor-element-425835b elementor-widget elementor-widget-text-editor\" data-id=\"425835b\" data-element_type=\"widget\" data-widget_type=\"text-editor.default\">\n\t\t\t\t\t\t\t\t\t<h2 data-start=\"84\" data-end=\"107\">Ev\u00e4stek\u00e4yt\u00e4nt\u00f6<\/h2><p data-start=\"109\" data-end=\"361\">1. Mit\u00e4 ev\u00e4steet ovat<br data-start=\"134\" data-end=\"137\" \/>Ev\u00e4ste (cookie) on pieni tekstitiedosto, joka tallennetaan laitteellesi, kun vierailet verkkosivustolla. Ev\u00e4steet auttavat verkkosivustoa muistamaan asetuksesi ja ker\u00e4\u00e4m\u00e4\u00e4n tilastotietoja sivuston toiminnan parantamiseksi.<\/p><p data-start=\"363\" data-end=\"395\">2. Mit\u00e4 ev\u00e4steit\u00e4 k\u00e4yt\u00e4mme<\/p><ul data-start=\"397\" data-end=\"848\"><li data-start=\"397\" data-end=\"520\"><p data-start=\"399\" data-end=\"520\">V\u00e4ltt\u00e4m\u00e4tt\u00f6m\u00e4t ev\u00e4steet \u2013 varmistavat verkkosivuston ja varauslomakkeen toiminnan (esimerkiksi istunnon tallennus).<\/p><\/li><li data-start=\"521\" data-end=\"604\"><p data-start=\"523\" data-end=\"604\">Toiminnalliset ev\u00e4steet \u2013 muistavat asetuksesi (esimerkiksi valittu kieli).<\/p><\/li><li data-start=\"605\" data-end=\"723\"><p data-start=\"607\" data-end=\"723\">Analytiikkaev\u00e4steet \u2013 ker\u00e4\u00e4v\u00e4t anonyymi\u00e4 tilastotietoa verkkosivuston k\u00e4yt\u00f6st\u00e4 (esimerkiksi Google Analytics).<\/p><\/li><li data-start=\"724\" data-end=\"848\"><p data-start=\"726\" data-end=\"848\">Markkinointiev\u00e4steet \u2013 k\u00e4ytet\u00e4\u00e4n mainonnan n\u00e4ytt\u00e4miseen ja personointiin (vain jos t\u00e4llaisia palveluja on k\u00e4yt\u00f6ss\u00e4).<\/p><\/li><\/ul><p data-start=\"850\" data-end=\"1019\">3. Ev\u00e4steiden hallinta<br data-start=\"876\" data-end=\"879\" \/>Voit kielt\u00e4\u00e4 ev\u00e4steiden k\u00e4yt\u00f6n tai poistaa ne selaimesi asetuksista. Ev\u00e4steiden est\u00e4minen voi vaikuttaa verkkosivuston toiminnallisuuteen.<\/p><p data-start=\"1021\" data-end=\"1172\">4. Yhteystiedot<br data-start=\"1040\" data-end=\"1043\" \/>Jos sinulla on kysytt\u00e4v\u00e4\u00e4 ev\u00e4steiden k\u00e4yt\u00f6st\u00e4, ota yhteytt\u00e4:<br data-start=\"1103\" data-end=\"1106\" \/>S\u00e4hk\u00f6posti: <a class=\"cursor-pointer\" rel=\"noopener\" data-start=\"1120\" data-end=\"1139\">info@goldendrive.ee<\/a><br data-start=\"1141\" data-end=\"1144\" \/>Puhelin: +372 551 8121<\/p>\t\t\t\t\t\t\t\t<\/div>\n\t\t\t\t\t<\/div>\n\t\t\t\t<\/div>\n\t\t\t\t<\/div>\n\t\t","protected":false},"excerpt":{"rendered":"<p>Ev\u00e4stek\u00e4yt\u00e4nt\u00f6 1. Mit\u00e4 ev\u00e4steet ovatEv\u00e4ste (cookie) on pieni tekstitiedosto, joka tallennetaan laitteellesi, kun vierailet verkkosivustolla. Ev\u00e4steet auttavat verkkosivustoa muistamaan asetuksesi ja ker\u00e4\u00e4m\u00e4\u00e4n tilastotietoja sivuston toiminnan parantamiseksi. 2. Mit\u00e4 ev\u00e4steit\u00e4 k\u00e4yt\u00e4mme V\u00e4ltt\u00e4m\u00e4tt\u00f6m\u00e4t ev\u00e4steet \u2013 varmistavat verkkosivuston ja varauslomakkeen toiminnan (esimerkiksi istunnon tallennus). Toiminnalliset ev\u00e4steet \u2013 muistavat asetuksesi (esimerkiksi valittu kieli). Analytiikkaev\u00e4steet \u2013 ker\u00e4\u00e4v\u00e4t anonyymi\u00e4 tilastotietoa verkkosivuston [&hellip;]<\/p>\n","protected":false},"author":2,"featured_media":0,"parent":0,"menu_order":0,"comment_status":"closed","ping_status":"closed","template":"","meta":{"_acf_changed":false,"footnotes":""},"class_list":["post-3532","page","type-page","status-publish","hentry"],"acf":[],"yoast_head":"<!-- This site is optimized with the Yoast SEO plugin v26.6 - https:\/\/yoast.com\/wordpress\/plugins\/seo\/ -->\n<title>Ev\u00e4stek\u00e4yt\u00e4nt\u00f6 - Golden Drive<\/title>\n<meta name=\"description\" content=\"Premium-transfeer ja personaalne saateteenus Eestis. VIP-s\u00f5idud neile, kes hindavad mugavust, usaldusv\u00e4\u00e4rsust ja diskreetset teenindust.\" \/>\n<meta name=\"robots\" content=\"index, follow, max-snippet:-1, max-image-preview:large, max-video-preview:-1\" \/>\n<link rel=\"canonical\" href=\"https:\/\/goldendrive.ee\/kupsiste-poliitika\/\" \/>\n<meta property=\"og:locale\" content=\"fi_FI\" \/>\n<meta property=\"og:type\" content=\"article\" \/>\n<meta property=\"og:title\" content=\"Ev\u00e4stek\u00e4yt\u00e4nt\u00f6 - Golden Drive\" \/>\n<meta property=\"og:description\" content=\"Premium-transfeer ja personaalne saateteenus Eestis. VIP-s\u00f5idud neile, kes hindavad mugavust, usaldusv\u00e4\u00e4rsust ja diskreetset teenindust.\" \/>\n<meta property=\"og:url\" content=\"https:\/\/goldendrive.ee\/kupsiste-poliitika\/\" \/>\n<meta property=\"og:site_name\" content=\"Golden Drive\" \/>\n<meta property=\"article:modified_time\" content=\"2025-08-15T06:36:46+00:00\" \/>\n<meta property=\"og:image\" content=\"https:\/\/goldendrive.ee\/wp-content\/uploads\/2025\/07\/main-goldendrive.jpg\" \/>\n\t<meta property=\"og:image:width\" content=\"1920\" \/>\n\t<meta property=\"og:image:height\" content=\"1280\" \/>\n\t<meta property=\"og:image:type\" content=\"image\/jpeg\" \/>\n<meta name=\"twitter:card\" content=\"summary_large_image\" \/>\n<meta name=\"twitter:label1\" content=\"Arvioitu lukuaika\" \/>\n\t<meta name=\"twitter:data1\" content=\"1 minuutti\" \/>\n<script type=\"application\/ld+json\" class=\"yoast-schema-graph\">{\"@context\":\"https:\/\/schema.org\",\"@graph\":[{\"@type\":\"WebPage\",\"@id\":\"https:\/\/goldendrive.ee\/kupsiste-poliitika\/\",\"url\":\"https:\/\/goldendrive.ee\/kupsiste-poliitika\/\",\"name\":\"Ev\u00e4stek\u00e4yt\u00e4nt\u00f6 - Golden Drive\",\"isPartOf\":{\"@id\":\"https:\/\/goldendrive.ee\/#website\"},\"datePublished\":\"2025-08-15T06:27:58+00:00\",\"dateModified\":\"2025-08-15T06:36:46+00:00\",\"description\":\"Premium-transfeer ja personaalne saateteenus Eestis. VIP-s\u00f5idud neile, kes hindavad mugavust, usaldusv\u00e4\u00e4rsust ja diskreetset teenindust.\",\"breadcrumb\":{\"@id\":\"https:\/\/goldendrive.ee\/kupsiste-poliitika\/#breadcrumb\"},\"inLanguage\":\"fi\",\"potentialAction\":[{\"@type\":\"ReadAction\",\"target\":[\"https:\/\/goldendrive.ee\/kupsiste-poliitika\/\"]}]},{\"@type\":\"BreadcrumbList\",\"@id\":\"https:\/\/goldendrive.ee\/kupsiste-poliitika\/#breadcrumb\",\"itemListElement\":[{\"@type\":\"ListItem\",\"position\":1,\"name\":\"Home\",\"item\":\"https:\/\/goldendrive.ee\/\"},{\"@type\":\"ListItem\",\"position\":2,\"name\":\"Ev\u00e4stek\u00e4yt\u00e4nt\u00f6\"}]},{\"@type\":\"WebSite\",\"@id\":\"https:\/\/goldendrive.ee\/#website\",\"url\":\"https:\/\/goldendrive.ee\/\",\"name\":\"Golden Drive\",\"description\":\"Premium-transfeer ja personaalne saateteenus Eestis\",\"publisher\":{\"@id\":\"https:\/\/goldendrive.ee\/#organization\"},\"alternateName\":\"Golden Drive\",\"potentialAction\":[{\"@type\":\"SearchAction\",\"target\":{\"@type\":\"EntryPoint\",\"urlTemplate\":\"https:\/\/goldendrive.ee\/?s={search_term_string}\"},\"query-input\":{\"@type\":\"PropertyValueSpecification\",\"valueRequired\":true,\"valueName\":\"search_term_string\"}}],\"inLanguage\":\"fi\"},{\"@type\":\"Organization\",\"@id\":\"https:\/\/goldendrive.ee\/#organization\",\"name\":\"Golden Drive\",\"url\":\"https:\/\/goldendrive.ee\/\",\"logo\":{\"@type\":\"ImageObject\",\"inLanguage\":\"fi\",\"@id\":\"https:\/\/goldendrive.ee\/#\/schema\/logo\/image\/\",\"url\":\"https:\/\/goldendrive.ee\/wp-content\/uploads\/2025\/07\/logo-up.svg\",\"contentUrl\":\"https:\/\/goldendrive.ee\/wp-content\/uploads\/2025\/07\/logo-up.svg\",\"width\":909,\"height\":383,\"caption\":\"Golden Drive\"},\"image\":{\"@id\":\"https:\/\/goldendrive.ee\/#\/schema\/logo\/image\/\"}}]}<\/script>\n<!-- \/ Yoast SEO plugin. -->","yoast_head_json":{"title":"Ev\u00e4stek\u00e4yt\u00e4nt\u00f6 - Golden Drive","description":"Premium-transfeer ja personaalne saateteenus Eestis. VIP-s\u00f5idud neile, kes hindavad mugavust, usaldusv\u00e4\u00e4rsust ja diskreetset teenindust.","robots":{"index":"index","follow":"follow","max-snippet":"max-snippet:-1","max-image-preview":"max-image-preview:large","max-video-preview":"max-video-preview:-1"},"canonical":"https:\/\/goldendrive.ee\/kupsiste-poliitika\/","og_locale":"fi_FI","og_type":"article","og_title":"Ev\u00e4stek\u00e4yt\u00e4nt\u00f6 - Golden Drive","og_description":"Premium-transfeer ja personaalne saateteenus Eestis. VIP-s\u00f5idud neile, kes hindavad mugavust, usaldusv\u00e4\u00e4rsust ja diskreetset teenindust.","og_url":"https:\/\/goldendrive.ee\/kupsiste-poliitika\/","og_site_name":"Golden Drive","article_modified_time":"2025-08-15T06:36:46+00:00","og_image":[{"width":1920,"height":1280,"url":"https:\/\/goldendrive.ee\/wp-content\/uploads\/2025\/07\/main-goldendrive.jpg","type":"image\/jpeg"}],"twitter_card":"summary_large_image","twitter_misc":{"Arvioitu lukuaika":"1 minuutti"},"schema":{"@context":"https:\/\/schema.org","@graph":[{"@type":"WebPage","@id":"https:\/\/goldendrive.ee\/kupsiste-poliitika\/","url":"https:\/\/goldendrive.ee\/kupsiste-poliitika\/","name":"Ev\u00e4stek\u00e4yt\u00e4nt\u00f6 - Golden Drive","isPartOf":{"@id":"https:\/\/goldendrive.ee\/#website"},"datePublished":"2025-08-15T06:27:58+00:00","dateModified":"2025-08-15T06:36:46+00:00","description":"Premium-transfeer ja personaalne saateteenus Eestis. VIP-s\u00f5idud neile, kes hindavad mugavust, usaldusv\u00e4\u00e4rsust ja diskreetset teenindust.","breadcrumb":{"@id":"https:\/\/goldendrive.ee\/kupsiste-poliitika\/#breadcrumb"},"inLanguage":"fi","potentialAction":[{"@type":"ReadAction","target":["https:\/\/goldendrive.ee\/kupsiste-poliitika\/"]}]},{"@type":"BreadcrumbList","@id":"https:\/\/goldendrive.ee\/kupsiste-poliitika\/#breadcrumb","itemListElement":[{"@type":"ListItem","position":1,"name":"Home","item":"https:\/\/goldendrive.ee\/"},{"@type":"ListItem","position":2,"name":"Ev\u00e4stek\u00e4yt\u00e4nt\u00f6"}]},{"@type":"WebSite","@id":"https:\/\/goldendrive.ee\/#website","url":"https:\/\/goldendrive.ee\/","name":"Golden Drive","description":"Premium-transfeer ja personaalne saateteenus Eestis","publisher":{"@id":"https:\/\/goldendrive.ee\/#organization"},"alternateName":"Golden Drive","potentialAction":[{"@type":"SearchAction","target":{"@type":"EntryPoint","urlTemplate":"https:\/\/goldendrive.ee\/?s={search_term_string}"},"query-input":{"@type":"PropertyValueSpecification","valueRequired":true,"valueName":"search_term_string"}}],"inLanguage":"fi"},{"@type":"Organization","@id":"https:\/\/goldendrive.ee\/#organization","name":"Golden Drive","url":"https:\/\/goldendrive.ee\/","logo":{"@type":"ImageObject","inLanguage":"fi","@id":"https:\/\/goldendrive.ee\/#\/schema\/logo\/image\/","url":"https:\/\/goldendrive.ee\/wp-content\/uploads\/2025\/07\/logo-up.svg","contentUrl":"https:\/\/goldendrive.ee\/wp-content\/uploads\/2025\/07\/logo-up.svg","width":909,"height":383,"caption":"Golden Drive"},"image":{"@id":"https:\/\/goldendrive.ee\/#\/schema\/logo\/image\/"}}]}},"_links":{"self":[{"href":"https:\/\/goldendrive.ee\/fi\/wp-json\/wp\/v2\/pages\/3532","targetHints":{"allow":["GET"]}}],"collection":[{"href":"https:\/\/goldendrive.ee\/fi\/wp-json\/wp\/v2\/pages"}],"about":[{"href":"https:\/\/goldendrive.ee\/fi\/wp-json\/wp\/v2\/types\/page"}],"author":[{"embeddable":true,"href":"https:\/\/goldendrive.ee\/fi\/wp-json\/wp\/v2\/users\/2"}],"replies":[{"embeddable":true,"href":"https:\/\/goldendrive.ee\/fi\/wp-json\/wp\/v2\/comments?post=3532"}],"version-history":[{"count":4,"href":"https:\/\/goldendrive.ee\/fi\/wp-json\/wp\/v2\/pages\/3532\/revisions"}],"predecessor-version":[{"id":3536,"href":"https:\/\/goldendrive.ee\/fi\/wp-json\/wp\/v2\/pages\/3532\/revisions\/3536"}],"wp:attachment":[{"href":"https:\/\/goldendrive.ee\/fi\/wp-json\/wp\/v2\/media?parent=3532"}],"curies":[{"name":"wp","href":"https:\/\/api.w.org\/{rel}","templated":true}]}}