{"id":3508,"date":"2025-08-15T06:11:52","date_gmt":"2025-08-15T06:11:52","guid":{"rendered":"https:\/\/goldendrive.ee\/?page_id=3508"},"modified":"2025-08-15T08:46:42","modified_gmt":"2025-08-15T08:46:42","slug":"tietosuojakaytanto","status":"publish","type":"page","link":"https:\/\/goldendrive.ee\/fi\/tietosuojakaytanto\/","title":{"rendered":"Tietosuojak\u00e4yt\u00e4nt\u00f6"},"content":{"rendered":"\t\t<div data-elementor-type=\"wp-page\" data-elementor-id=\"3508\" class=\"elementor elementor-3508 elementor-3490\" data-elementor-settings=\"{&quot;element_pack_global_tooltip_width&quot;:{&quot;unit&quot;:&quot;px&quot;,&quot;size&quot;:&quot;&quot;,&quot;sizes&quot;:[]},&quot;element_pack_global_tooltip_width_tablet&quot;:{&quot;unit&quot;:&quot;px&quot;,&quot;size&quot;:&quot;&quot;,&quot;sizes&quot;:[]},&quot;element_pack_global_tooltip_width_mobile&quot;:{&quot;unit&quot;:&quot;px&quot;,&quot;size&quot;:&quot;&quot;,&quot;sizes&quot;:[]},&quot;element_pack_global_tooltip_padding&quot;:{&quot;unit&quot;:&quot;px&quot;,&quot;top&quot;:&quot;&quot;,&quot;right&quot;:&quot;&quot;,&quot;bottom&quot;:&quot;&quot;,&quot;left&quot;:&quot;&quot;,&quot;isLinked&quot;:true},&quot;element_pack_global_tooltip_padding_tablet&quot;:{&quot;unit&quot;:&quot;px&quot;,&quot;top&quot;:&quot;&quot;,&quot;right&quot;:&quot;&quot;,&quot;bottom&quot;:&quot;&quot;,&quot;left&quot;:&quot;&quot;,&quot;isLinked&quot;:true},&quot;element_pack_global_tooltip_padding_mobile&quot;:{&quot;unit&quot;:&quot;px&quot;,&quot;top&quot;:&quot;&quot;,&quot;right&quot;:&quot;&quot;,&quot;bottom&quot;:&quot;&quot;,&quot;left&quot;:&quot;&quot;,&quot;isLinked&quot;:true},&quot;element_pack_global_tooltip_border_radius&quot;:{&quot;unit&quot;:&quot;px&quot;,&quot;top&quot;:&quot;&quot;,&quot;right&quot;:&quot;&quot;,&quot;bottom&quot;:&quot;&quot;,&quot;left&quot;:&quot;&quot;,&quot;isLinked&quot;:true},&quot;element_pack_global_tooltip_border_radius_tablet&quot;:{&quot;unit&quot;:&quot;px&quot;,&quot;top&quot;:&quot;&quot;,&quot;right&quot;:&quot;&quot;,&quot;bottom&quot;:&quot;&quot;,&quot;left&quot;:&quot;&quot;,&quot;isLinked&quot;:true},&quot;element_pack_global_tooltip_border_radius_mobile&quot;:{&quot;unit&quot;:&quot;px&quot;,&quot;top&quot;:&quot;&quot;,&quot;right&quot;:&quot;&quot;,&quot;bottom&quot;:&quot;&quot;,&quot;left&quot;:&quot;&quot;,&quot;isLinked&quot;:true}}\" data-elementor-post-type=\"page\">\n\t\t\t\t<div class=\"elementor-element elementor-element-c390b22 e-flex e-con-boxed e-con e-parent\" data-id=\"c390b22\" data-element_type=\"container\">\n\t\t\t\t\t<div class=\"e-con-inner\">\n\t\t\t\t<div class=\"elementor-element elementor-element-50b954e elementor-widget elementor-widget-text-editor\" data-id=\"50b954e\" data-element_type=\"widget\" data-widget_type=\"text-editor.default\">\n\t\t\t\t\t\t\t\t\t<h2 data-start=\"135\" data-end=\"160\">Tietosuojak\u00e4yt\u00e4nt\u00f6<\/h2><p class=\"p1\">1. Yleiset m\u00e4\u00e4r\u00e4ykset<\/p><p class=\"p1\">1.1. T\u00e4m\u00e4 tietosuojak\u00e4yt\u00e4nt\u00f6 kuvaa, kuinka k\u00e4ytt\u00e4jien henkil\u00f6tietoja ker\u00e4t\u00e4\u00e4n, k\u00e4sitell\u00e4\u00e4n ja s\u00e4ilytet\u00e4\u00e4n verkkosivustolla goldendrive.ee. Henkil\u00f6tietojen rekisterinpit\u00e4j\u00e4 on GOLDEN DRIVE O\u00dc (y-tunnus 17236617, ALV EE102864652, osoite: Vanakuu tn 7-9, 13516, Tallinna, Harjun maakunta, Viro), j\u00e4ljemp\u00e4n\u00e4 rekisterinpit\u00e4j\u00e4.<\/p><p class=\"p1\">1.2. Rekister\u00f6ity on asiakas tai muu luonnollinen henkil\u00f6, jonka henkil\u00f6tietoja rekisterinpit\u00e4j\u00e4 k\u00e4sittelee.<\/p><p class=\"p1\">1.3. Asiakas on henkil\u00f6, joka l\u00e4hett\u00e4\u00e4 yhteydenottopyynn\u00f6n tai tekee varauksen verkkosivuston, s\u00e4hk\u00f6postin tai puhelimen kautta.<\/p><p class=\"p1\">1.4. Rekisterinpit\u00e4j\u00e4 k\u00e4sittelee henkil\u00f6tietoja lainmukaisesti, asianmukaisesti ja turvallisesti EU:n yleisen tietosuoja-asetuksen (GDPR) ja Viron lains\u00e4\u00e4d\u00e4nn\u00f6n mukaisesti.<\/p><p class=\"p1\">2. Henkil\u00f6tietojen ker\u00e4\u00e4minen, k\u00e4sittely ja s\u00e4ilytt\u00e4minen<\/p><p class=\"p1\">2.1. Henkil\u00f6tietoja ker\u00e4t\u00e4\u00e4n s\u00e4hk\u00f6isesti seuraavien kanavien kautta:<\/p><p class=\"p1\">varauslomake verkkosivustolla goldendrive.ee;<\/p><p class=\"p1\">s\u00e4hk\u00f6posti: info@goldendrive.ee;<\/p><p class=\"p1\">puhelin: +372 551 8121.<\/p><p class=\"p1\">2.2. Antamalla henkil\u00f6tietonsa asiakas antaa suostumuksensa niiden k\u00e4ytt\u00f6\u00f6n t\u00e4ss\u00e4 tietosuojak\u00e4yt\u00e4nn\u00f6ss\u00e4 mainittuihin tarkoituksiin.<\/p><p class=\"p1\">2.3. Asiakkaan on annettava oikeat ja ajantasaiset tiedot.<\/p><p class=\"p1\">3. K\u00e4sitelt\u00e4v\u00e4t henkil\u00f6tiedot<\/p><p class=\"p1\">Etu- ja sukunimi;<\/p><p class=\"p1\">Puhelinnumero;<\/p><p class=\"p1\">S\u00e4hk\u00f6postiosoite;<\/p><p class=\"p1\">Tietoja kuljetuksesta (p\u00e4iv\u00e4m\u00e4\u00e4r\u00e4, kellonaika, nouto- ja j\u00e4tt\u00f6paikka, lis\u00e4toiveet).<\/p><p class=\"p1\">4. Henkil\u00f6tietojen k\u00e4sittelyn tarkoitukset<\/p><p class=\"p1\">varausten ja tiedustelujen k\u00e4sittely;<\/p><p class=\"p1\">yhteydenpito asiakkaaseen;<\/p><p class=\"p1\">sopimusvelvoitteiden t\u00e4ytt\u00e4minen;<\/p><p class=\"p1\">lakis\u00e4\u00e4teisten velvoitteiden noudattaminen (esim. kirjanpito);<\/p><p class=\"p1\">turvallisuuden varmistaminen ja v\u00e4\u00e4rink\u00e4yt\u00f6sten est\u00e4minen.<\/p><p class=\"p1\">5. Henkil\u00f6tietojen k\u00e4sittelyn oikeusperusteet<\/p><p class=\"p1\">rekister\u00f6idyn suostumus (GDPR 6 artiklan 1 kohdan a alakohta);<\/p><p class=\"p1\">sopimuksen t\u00e4yt\u00e4nt\u00f6\u00f6npano tai toimenpiteet ennen sopimuksen tekemist\u00e4 (GDPR 6(1)(b));<\/p><p class=\"p1\">lakis\u00e4\u00e4teisen velvoitteen t\u00e4ytt\u00e4minen (GDPR 6(1)(c));<\/p><p class=\"p1\">rekisterinpit\u00e4j\u00e4n oikeutettu etu (GDPR 6(1)(f)).<\/p><p class=\"p1\">6. Henkil\u00f6tietojen luovuttaminen kolmansille osapuolille<\/p><p class=\"p1\">Henkil\u00f6tietoja voidaan luovuttaa:<\/p><p class=\"p1\">kuljetuskumppaneille tai kuljettajille (varauksen toteuttamiseksi);<\/p><p class=\"p1\">IT- ja verkkopalveluntarjoajille;<\/p><p class=\"p1\">kirjanpito- ja lakipalveluntarjoajille;<\/p><p class=\"p1\">viranomaisille, jos laki sit\u00e4 edellytt\u00e4\u00e4.<\/p><p class=\"p1\">7. Tietojen s\u00e4ilytysajat<\/p><p class=\"p1\">varausten ja asiakastuen tarkoituksiin \u2013 enint\u00e4\u00e4n 2 vuotta viimeisest\u00e4 yhteydenotosta;<\/p><p class=\"p1\">kirjanpitoon ja veroraportointiin \u2013 lain edellytt\u00e4m\u00e4t m\u00e4\u00e4r\u00e4ajat;<\/p><p class=\"p1\">mahdollisten riitojen ratkaisemiseksi \u2013 sovellettavan vanhentumisajan loppuun saakka.<\/p><p class=\"p1\">8. Rekister\u00f6idyn oikeudet<\/p><p class=\"p1\">Asiakkaalla on oikeus:<\/p><p class=\"p1\">saada tietoa henkil\u00f6tietojensa k\u00e4sittelyst\u00e4;<\/p><p class=\"p1\">tarkastaa omat henkil\u00f6tietonsa;<\/p><p class=\"p1\">oikaista virheellisi\u00e4 tai vanhentuneita tietoja;<\/p><p class=\"p1\">vaatia tietojen poistamista (lain sallimissa rajoissa);<\/p><p class=\"p1\">peruuttaa suostumuksensa tietojen k\u00e4sittelyyn;<\/p><p class=\"p1\">tehd\u00e4 valitus Viron tietosuojavaltuutetulle (www.aki.ee).<\/p><p class=\"p1\">Oikeuksien k\u00e4ytt\u00e4miseksi voi ottaa yhteytt\u00e4:<\/p><p class=\"p1\">S\u00e4hk\u00f6posti: info@goldendrive.ee<\/p><p class=\"p1\">Puhelin: +372 551 8121<\/p><p class=\"p1\">9. Tietoturva<\/p><p class=\"p1\">K\u00e4yt\u00e4mme asianmukaisia organisatorisia ja teknisi\u00e4 toimenpiteit\u00e4 suojataksemme henkil\u00f6tiedot luvattomalta k\u00e4yt\u00f6lt\u00e4, muuttamiselta, katoamiselta tai tuhoamiselta.<\/p><p class=\"p1\">10. Loppus\u00e4\u00e4nn\u00f6kset<\/p><p class=\"p1\">T\u00e4m\u00e4 tietosuojak\u00e4yt\u00e4nt\u00f6 on laadittu EU:n yleisen tietosuoja-asetuksen (EU 2016\/679) ja Viron henkil\u00f6tietojen suojaa koskevan lain mukaisesti. Voimme p\u00e4ivitt\u00e4\u00e4 t\u00e4t\u00e4 tietosuojak\u00e4yt\u00e4nt\u00f6\u00e4 julkaisemalla uuden version verkkosivustolla www.goldendrive.ee.<\/p>\t\t\t\t\t\t\t\t<\/div>\n\t\t\t\t\t<\/div>\n\t\t\t\t<\/div>\n\t\t\t\t<\/div>\n\t\t","protected":false},"excerpt":{"rendered":"<p>Tietosuojak\u00e4yt\u00e4nt\u00f6 1. Yleiset m\u00e4\u00e4r\u00e4ykset 1.1. T\u00e4m\u00e4 tietosuojak\u00e4yt\u00e4nt\u00f6 kuvaa, kuinka k\u00e4ytt\u00e4jien henkil\u00f6tietoja ker\u00e4t\u00e4\u00e4n, k\u00e4sitell\u00e4\u00e4n ja s\u00e4ilytet\u00e4\u00e4n verkkosivustolla goldendrive.ee. Henkil\u00f6tietojen rekisterinpit\u00e4j\u00e4 on GOLDEN DRIVE O\u00dc (y-tunnus 17236617, ALV EE102864652, osoite: Vanakuu tn 7-9, 13516, Tallinna, Harjun maakunta, Viro), j\u00e4ljemp\u00e4n\u00e4 rekisterinpit\u00e4j\u00e4. 1.2. Rekister\u00f6ity on asiakas tai muu luonnollinen henkil\u00f6, jonka henkil\u00f6tietoja rekisterinpit\u00e4j\u00e4 k\u00e4sittelee. 1.3. Asiakas on henkil\u00f6, joka [&hellip;]<\/p>\n","protected":false},"author":2,"featured_media":0,"parent":0,"menu_order":0,"comment_status":"closed","ping_status":"closed","template":"","meta":{"_acf_changed":false,"footnotes":""},"class_list":["post-3508","page","type-page","status-publish","hentry"],"acf":[],"yoast_head":"<!-- This site is optimized with the Yoast SEO plugin v26.6 - https:\/\/yoast.com\/wordpress\/plugins\/seo\/ -->\n<title>Tietosuojak\u00e4yt\u00e4nt\u00f6 - Golden Drive<\/title>\n<meta name=\"description\" content=\"Premium-transfeer ja personaalne saateteenus Eestis. VIP-s\u00f5idud neile, kes hindavad mugavust, usaldusv\u00e4\u00e4rsust ja diskreetset teenindust.\" \/>\n<meta name=\"robots\" content=\"index, follow, max-snippet:-1, max-image-preview:large, max-video-preview:-1\" \/>\n<link rel=\"canonical\" href=\"https:\/\/goldendrive.ee\/privaatsuspoliitika\/\" \/>\n<meta property=\"og:locale\" content=\"fi_FI\" \/>\n<meta property=\"og:type\" content=\"article\" \/>\n<meta property=\"og:title\" content=\"Tietosuojak\u00e4yt\u00e4nt\u00f6 - Golden Drive\" \/>\n<meta property=\"og:description\" content=\"Premium-transfeer ja personaalne saateteenus Eestis. VIP-s\u00f5idud neile, kes hindavad mugavust, usaldusv\u00e4\u00e4rsust ja diskreetset teenindust.\" \/>\n<meta property=\"og:url\" content=\"https:\/\/goldendrive.ee\/privaatsuspoliitika\/\" \/>\n<meta property=\"og:site_name\" content=\"Golden Drive\" \/>\n<meta property=\"article:modified_time\" content=\"2025-08-15T08:46:42+00:00\" \/>\n<meta property=\"og:image\" content=\"https:\/\/goldendrive.ee\/wp-content\/uploads\/2025\/07\/main-goldendrive.jpg\" \/>\n\t<meta property=\"og:image:width\" content=\"1920\" \/>\n\t<meta property=\"og:image:height\" content=\"1280\" \/>\n\t<meta property=\"og:image:type\" content=\"image\/jpeg\" \/>\n<meta name=\"twitter:card\" content=\"summary_large_image\" \/>\n<meta name=\"twitter:label1\" content=\"Arvioitu lukuaika\" \/>\n\t<meta name=\"twitter:data1\" content=\"3 minuuttia\" \/>\n<script type=\"application\/ld+json\" class=\"yoast-schema-graph\">{\"@context\":\"https:\/\/schema.org\",\"@graph\":[{\"@type\":\"WebPage\",\"@id\":\"https:\/\/goldendrive.ee\/privaatsuspoliitika\/\",\"url\":\"https:\/\/goldendrive.ee\/privaatsuspoliitika\/\",\"name\":\"Tietosuojak\u00e4yt\u00e4nt\u00f6 - Golden Drive\",\"isPartOf\":{\"@id\":\"https:\/\/goldendrive.ee\/#website\"},\"datePublished\":\"2025-08-15T06:11:52+00:00\",\"dateModified\":\"2025-08-15T08:46:42+00:00\",\"description\":\"Premium-transfeer ja personaalne saateteenus Eestis. VIP-s\u00f5idud neile, kes hindavad mugavust, usaldusv\u00e4\u00e4rsust ja diskreetset teenindust.\",\"breadcrumb\":{\"@id\":\"https:\/\/goldendrive.ee\/privaatsuspoliitika\/#breadcrumb\"},\"inLanguage\":\"fi\",\"potentialAction\":[{\"@type\":\"ReadAction\",\"target\":[\"https:\/\/goldendrive.ee\/privaatsuspoliitika\/\"]}]},{\"@type\":\"BreadcrumbList\",\"@id\":\"https:\/\/goldendrive.ee\/privaatsuspoliitika\/#breadcrumb\",\"itemListElement\":[{\"@type\":\"ListItem\",\"position\":1,\"name\":\"Home\",\"item\":\"https:\/\/goldendrive.ee\/\"},{\"@type\":\"ListItem\",\"position\":2,\"name\":\"Tietosuojak\u00e4yt\u00e4nt\u00f6\"}]},{\"@type\":\"WebSite\",\"@id\":\"https:\/\/goldendrive.ee\/#website\",\"url\":\"https:\/\/goldendrive.ee\/\",\"name\":\"Golden Drive\",\"description\":\"Premium-transfeer ja personaalne saateteenus Eestis\",\"publisher\":{\"@id\":\"https:\/\/goldendrive.ee\/#organization\"},\"alternateName\":\"Golden Drive\",\"potentialAction\":[{\"@type\":\"SearchAction\",\"target\":{\"@type\":\"EntryPoint\",\"urlTemplate\":\"https:\/\/goldendrive.ee\/?s={search_term_string}\"},\"query-input\":{\"@type\":\"PropertyValueSpecification\",\"valueRequired\":true,\"valueName\":\"search_term_string\"}}],\"inLanguage\":\"fi\"},{\"@type\":\"Organization\",\"@id\":\"https:\/\/goldendrive.ee\/#organization\",\"name\":\"Golden Drive\",\"url\":\"https:\/\/goldendrive.ee\/\",\"logo\":{\"@type\":\"ImageObject\",\"inLanguage\":\"fi\",\"@id\":\"https:\/\/goldendrive.ee\/#\/schema\/logo\/image\/\",\"url\":\"https:\/\/goldendrive.ee\/wp-content\/uploads\/2025\/07\/logo-up.svg\",\"contentUrl\":\"https:\/\/goldendrive.ee\/wp-content\/uploads\/2025\/07\/logo-up.svg\",\"width\":909,\"height\":383,\"caption\":\"Golden Drive\"},\"image\":{\"@id\":\"https:\/\/goldendrive.ee\/#\/schema\/logo\/image\/\"}}]}<\/script>\n<!-- \/ Yoast SEO plugin. -->","yoast_head_json":{"title":"Tietosuojak\u00e4yt\u00e4nt\u00f6 - Golden Drive","description":"Premium-transfeer ja personaalne saateteenus Eestis. VIP-s\u00f5idud neile, kes hindavad mugavust, usaldusv\u00e4\u00e4rsust ja diskreetset teenindust.","robots":{"index":"index","follow":"follow","max-snippet":"max-snippet:-1","max-image-preview":"max-image-preview:large","max-video-preview":"max-video-preview:-1"},"canonical":"https:\/\/goldendrive.ee\/privaatsuspoliitika\/","og_locale":"fi_FI","og_type":"article","og_title":"Tietosuojak\u00e4yt\u00e4nt\u00f6 - Golden Drive","og_description":"Premium-transfeer ja personaalne saateteenus Eestis. VIP-s\u00f5idud neile, kes hindavad mugavust, usaldusv\u00e4\u00e4rsust ja diskreetset teenindust.","og_url":"https:\/\/goldendrive.ee\/privaatsuspoliitika\/","og_site_name":"Golden Drive","article_modified_time":"2025-08-15T08:46:42+00:00","og_image":[{"width":1920,"height":1280,"url":"https:\/\/goldendrive.ee\/wp-content\/uploads\/2025\/07\/main-goldendrive.jpg","type":"image\/jpeg"}],"twitter_card":"summary_large_image","twitter_misc":{"Arvioitu lukuaika":"3 minuuttia"},"schema":{"@context":"https:\/\/schema.org","@graph":[{"@type":"WebPage","@id":"https:\/\/goldendrive.ee\/privaatsuspoliitika\/","url":"https:\/\/goldendrive.ee\/privaatsuspoliitika\/","name":"Tietosuojak\u00e4yt\u00e4nt\u00f6 - Golden Drive","isPartOf":{"@id":"https:\/\/goldendrive.ee\/#website"},"datePublished":"2025-08-15T06:11:52+00:00","dateModified":"2025-08-15T08:46:42+00:00","description":"Premium-transfeer ja personaalne saateteenus Eestis. VIP-s\u00f5idud neile, kes hindavad mugavust, usaldusv\u00e4\u00e4rsust ja diskreetset teenindust.","breadcrumb":{"@id":"https:\/\/goldendrive.ee\/privaatsuspoliitika\/#breadcrumb"},"inLanguage":"fi","potentialAction":[{"@type":"ReadAction","target":["https:\/\/goldendrive.ee\/privaatsuspoliitika\/"]}]},{"@type":"BreadcrumbList","@id":"https:\/\/goldendrive.ee\/privaatsuspoliitika\/#breadcrumb","itemListElement":[{"@type":"ListItem","position":1,"name":"Home","item":"https:\/\/goldendrive.ee\/"},{"@type":"ListItem","position":2,"name":"Tietosuojak\u00e4yt\u00e4nt\u00f6"}]},{"@type":"WebSite","@id":"https:\/\/goldendrive.ee\/#website","url":"https:\/\/goldendrive.ee\/","name":"Golden Drive","description":"Premium-transfeer ja personaalne saateteenus Eestis","publisher":{"@id":"https:\/\/goldendrive.ee\/#organization"},"alternateName":"Golden Drive","potentialAction":[{"@type":"SearchAction","target":{"@type":"EntryPoint","urlTemplate":"https:\/\/goldendrive.ee\/?s={search_term_string}"},"query-input":{"@type":"PropertyValueSpecification","valueRequired":true,"valueName":"search_term_string"}}],"inLanguage":"fi"},{"@type":"Organization","@id":"https:\/\/goldendrive.ee\/#organization","name":"Golden Drive","url":"https:\/\/goldendrive.ee\/","logo":{"@type":"ImageObject","inLanguage":"fi","@id":"https:\/\/goldendrive.ee\/#\/schema\/logo\/image\/","url":"https:\/\/goldendrive.ee\/wp-content\/uploads\/2025\/07\/logo-up.svg","contentUrl":"https:\/\/goldendrive.ee\/wp-content\/uploads\/2025\/07\/logo-up.svg","width":909,"height":383,"caption":"Golden Drive"},"image":{"@id":"https:\/\/goldendrive.ee\/#\/schema\/logo\/image\/"}}]}},"_links":{"self":[{"href":"https:\/\/goldendrive.ee\/fi\/wp-json\/wp\/v2\/pages\/3508","targetHints":{"allow":["GET"]}}],"collection":[{"href":"https:\/\/goldendrive.ee\/fi\/wp-json\/wp\/v2\/pages"}],"about":[{"href":"https:\/\/goldendrive.ee\/fi\/wp-json\/wp\/v2\/types\/page"}],"author":[{"embeddable":true,"href":"https:\/\/goldendrive.ee\/fi\/wp-json\/wp\/v2\/users\/2"}],"replies":[{"embeddable":true,"href":"https:\/\/goldendrive.ee\/fi\/wp-json\/wp\/v2\/comments?post=3508"}],"version-history":[{"count":7,"href":"https:\/\/goldendrive.ee\/fi\/wp-json\/wp\/v2\/pages\/3508\/revisions"}],"predecessor-version":[{"id":3561,"href":"https:\/\/goldendrive.ee\/fi\/wp-json\/wp\/v2\/pages\/3508\/revisions\/3561"}],"wp:attachment":[{"href":"https:\/\/goldendrive.ee\/fi\/wp-json\/wp\/v2\/media?parent=3508"}],"curies":[{"name":"wp","href":"https:\/\/api.w.org\/{rel}","templated":true}]}}