{"id":3527,"date":"2025-08-15T06:27:58","date_gmt":"2025-08-15T06:27:58","guid":{"rendered":"https:\/\/goldendrive.ee\/?page_id=3527"},"modified":"2025-08-15T06:35:35","modified_gmt":"2025-08-15T06:35:35","slug":"cookie-policy","status":"publish","type":"page","link":"https:\/\/goldendrive.ee\/en\/cookie-policy\/","title":{"rendered":"Cookie Policy"},"content":{"rendered":"\t\t<div data-elementor-type=\"wp-page\" data-elementor-id=\"3527\" class=\"elementor elementor-3527 elementor-3514\" data-elementor-settings=\"{&quot;element_pack_global_tooltip_width&quot;:{&quot;unit&quot;:&quot;px&quot;,&quot;size&quot;:&quot;&quot;,&quot;sizes&quot;:[]},&quot;element_pack_global_tooltip_width_tablet&quot;:{&quot;unit&quot;:&quot;px&quot;,&quot;size&quot;:&quot;&quot;,&quot;sizes&quot;:[]},&quot;element_pack_global_tooltip_width_mobile&quot;:{&quot;unit&quot;:&quot;px&quot;,&quot;size&quot;:&quot;&quot;,&quot;sizes&quot;:[]},&quot;element_pack_global_tooltip_padding&quot;:{&quot;unit&quot;:&quot;px&quot;,&quot;top&quot;:&quot;&quot;,&quot;right&quot;:&quot;&quot;,&quot;bottom&quot;:&quot;&quot;,&quot;left&quot;:&quot;&quot;,&quot;isLinked&quot;:true},&quot;element_pack_global_tooltip_padding_tablet&quot;:{&quot;unit&quot;:&quot;px&quot;,&quot;top&quot;:&quot;&quot;,&quot;right&quot;:&quot;&quot;,&quot;bottom&quot;:&quot;&quot;,&quot;left&quot;:&quot;&quot;,&quot;isLinked&quot;:true},&quot;element_pack_global_tooltip_padding_mobile&quot;:{&quot;unit&quot;:&quot;px&quot;,&quot;top&quot;:&quot;&quot;,&quot;right&quot;:&quot;&quot;,&quot;bottom&quot;:&quot;&quot;,&quot;left&quot;:&quot;&quot;,&quot;isLinked&quot;:true},&quot;element_pack_global_tooltip_border_radius&quot;:{&quot;unit&quot;:&quot;px&quot;,&quot;top&quot;:&quot;&quot;,&quot;right&quot;:&quot;&quot;,&quot;bottom&quot;:&quot;&quot;,&quot;left&quot;:&quot;&quot;,&quot;isLinked&quot;:true},&quot;element_pack_global_tooltip_border_radius_tablet&quot;:{&quot;unit&quot;:&quot;px&quot;,&quot;top&quot;:&quot;&quot;,&quot;right&quot;:&quot;&quot;,&quot;bottom&quot;:&quot;&quot;,&quot;left&quot;:&quot;&quot;,&quot;isLinked&quot;:true},&quot;element_pack_global_tooltip_border_radius_mobile&quot;:{&quot;unit&quot;:&quot;px&quot;,&quot;top&quot;:&quot;&quot;,&quot;right&quot;:&quot;&quot;,&quot;bottom&quot;:&quot;&quot;,&quot;left&quot;:&quot;&quot;,&quot;isLinked&quot;:true}}\" data-elementor-post-type=\"page\">\n\t\t\t\t<div class=\"elementor-element elementor-element-3db1b3e e-flex e-con-boxed e-con e-parent\" data-id=\"3db1b3e\" data-element_type=\"container\">\n\t\t\t\t\t<div class=\"e-con-inner\">\n\t\t\t\t<div class=\"elementor-element elementor-element-425835b elementor-widget elementor-widget-text-editor\" data-id=\"425835b\" data-element_type=\"widget\" data-widget_type=\"text-editor.default\">\n\t\t\t\t\t\t\t\t\t<h2 data-start=\"40\" data-end=\"62\">Cookie Policy<\/h2><p data-start=\"64\" data-end=\"273\">1. What are cookies<br data-start=\"87\" data-end=\"90\" \/>Cookies are small text files that are stored on your device when you visit a website. They help the website remember your settings and collect statistics to improve its performance.<\/p><p data-start=\"275\" data-end=\"303\">2. What cookies we use<\/p><ul data-start=\"305\" data-end=\"725\"><li data-start=\"305\" data-end=\"417\"><p data-start=\"307\" data-end=\"417\">Necessary cookies \u2013 ensure the operation of the website and booking form (for example, session storage).<\/p><\/li><li data-start=\"418\" data-end=\"506\"><p data-start=\"420\" data-end=\"506\">Functional cookies \u2013 remember your preferences (for example, selected language).<\/p><\/li><li data-start=\"507\" data-end=\"614\"><p data-start=\"509\" data-end=\"614\">Analytical cookies \u2013 collect anonymous statistics on website usage (for example, Google Analytics).<\/p><\/li><li data-start=\"615\" data-end=\"725\"><p data-start=\"617\" data-end=\"725\">Marketing cookies \u2013 used to display and personalise advertising (only if such services are connected).<\/p><\/li><\/ul><p data-start=\"727\" data-end=\"897\">3. How to manage cookies<br data-start=\"755\" data-end=\"758\" \/>You can refuse the use of cookies or delete them in your browser settings. Disabling cookies may affect the functionality of the website.<\/p><p data-start=\"899\" data-end=\"1049\">4. Contact information<br data-start=\"925\" data-end=\"928\" \/>For questions regarding the use of cookies, please contact:<br data-start=\"987\" data-end=\"990\" \/>E-mail: <a class=\"cursor-pointer\" rel=\"noopener\" data-start=\"1000\" data-end=\"1019\">info@goldendrive.ee<\/a><br data-start=\"1021\" data-end=\"1024\" \/>Tel.: +372 551 8121<\/p>\t\t\t\t\t\t\t\t<\/div>\n\t\t\t\t\t<\/div>\n\t\t\t\t<\/div>\n\t\t\t\t<\/div>\n\t\t","protected":false},"excerpt":{"rendered":"<p>Cookie Policy 1. What are cookiesCookies are small text files that are stored on your device when you visit a website. They help the website remember your settings and collect statistics to improve its performance. 2. What cookies we use Necessary cookies \u2013 ensure the operation of the website and booking form (for example, session [&hellip;]<\/p>\n","protected":false},"author":2,"featured_media":0,"parent":0,"menu_order":0,"comment_status":"closed","ping_status":"closed","template":"","meta":{"_acf_changed":false,"footnotes":""},"class_list":["post-3527","page","type-page","status-publish","hentry"],"acf":[],"yoast_head":"<!-- This site is optimized with the Yoast SEO plugin v26.6 - https:\/\/yoast.com\/wordpress\/plugins\/seo\/ -->\n<title>Cookie Policy - Golden Drive<\/title>\n<meta name=\"description\" content=\"Premium-transfeer ja personaalne saateteenus Eestis. VIP-s\u00f5idud neile, kes hindavad mugavust, usaldusv\u00e4\u00e4rsust ja diskreetset teenindust.\" \/>\n<meta name=\"robots\" content=\"index, follow, max-snippet:-1, max-image-preview:large, max-video-preview:-1\" \/>\n<link rel=\"canonical\" href=\"https:\/\/goldendrive.ee\/kupsiste-poliitika\/\" \/>\n<meta property=\"og:locale\" content=\"en_US\" \/>\n<meta property=\"og:type\" content=\"article\" \/>\n<meta property=\"og:title\" content=\"Cookie Policy - Golden Drive\" \/>\n<meta property=\"og:description\" content=\"Premium-transfeer ja personaalne saateteenus Eestis. VIP-s\u00f5idud neile, kes hindavad mugavust, usaldusv\u00e4\u00e4rsust ja diskreetset teenindust.\" \/>\n<meta property=\"og:url\" content=\"https:\/\/goldendrive.ee\/kupsiste-poliitika\/\" \/>\n<meta property=\"og:site_name\" content=\"Golden Drive\" \/>\n<meta property=\"article:modified_time\" content=\"2025-08-15T06:35:35+00:00\" \/>\n<meta property=\"og:image\" content=\"https:\/\/goldendrive.ee\/wp-content\/uploads\/2025\/07\/main-goldendrive.jpg\" \/>\n\t<meta property=\"og:image:width\" content=\"1920\" \/>\n\t<meta property=\"og:image:height\" content=\"1280\" \/>\n\t<meta property=\"og:image:type\" content=\"image\/jpeg\" \/>\n<meta name=\"twitter:card\" content=\"summary_large_image\" \/>\n<meta name=\"twitter:label1\" content=\"Est. reading time\" \/>\n\t<meta name=\"twitter:data1\" content=\"1 minute\" \/>\n<script type=\"application\/ld+json\" class=\"yoast-schema-graph\">{\"@context\":\"https:\/\/schema.org\",\"@graph\":[{\"@type\":\"WebPage\",\"@id\":\"https:\/\/goldendrive.ee\/kupsiste-poliitika\/\",\"url\":\"https:\/\/goldendrive.ee\/kupsiste-poliitika\/\",\"name\":\"Cookie Policy - Golden Drive\",\"isPartOf\":{\"@id\":\"https:\/\/goldendrive.ee\/#website\"},\"datePublished\":\"2025-08-15T06:27:58+00:00\",\"dateModified\":\"2025-08-15T06:35:35+00:00\",\"description\":\"Premium-transfeer ja personaalne saateteenus Eestis. VIP-s\u00f5idud neile, kes hindavad mugavust, usaldusv\u00e4\u00e4rsust ja diskreetset teenindust.\",\"breadcrumb\":{\"@id\":\"https:\/\/goldendrive.ee\/kupsiste-poliitika\/#breadcrumb\"},\"inLanguage\":\"en-US\",\"potentialAction\":[{\"@type\":\"ReadAction\",\"target\":[\"https:\/\/goldendrive.ee\/kupsiste-poliitika\/\"]}]},{\"@type\":\"BreadcrumbList\",\"@id\":\"https:\/\/goldendrive.ee\/kupsiste-poliitika\/#breadcrumb\",\"itemListElement\":[{\"@type\":\"ListItem\",\"position\":1,\"name\":\"Home\",\"item\":\"https:\/\/goldendrive.ee\/\"},{\"@type\":\"ListItem\",\"position\":2,\"name\":\"Cookie Policy\"}]},{\"@type\":\"WebSite\",\"@id\":\"https:\/\/goldendrive.ee\/#website\",\"url\":\"https:\/\/goldendrive.ee\/\",\"name\":\"Golden Drive\",\"description\":\"Premium-transfeer ja personaalne saateteenus Eestis\",\"publisher\":{\"@id\":\"https:\/\/goldendrive.ee\/#organization\"},\"alternateName\":\"Golden Drive\",\"potentialAction\":[{\"@type\":\"SearchAction\",\"target\":{\"@type\":\"EntryPoint\",\"urlTemplate\":\"https:\/\/goldendrive.ee\/?s={search_term_string}\"},\"query-input\":{\"@type\":\"PropertyValueSpecification\",\"valueRequired\":true,\"valueName\":\"search_term_string\"}}],\"inLanguage\":\"en-US\"},{\"@type\":\"Organization\",\"@id\":\"https:\/\/goldendrive.ee\/#organization\",\"name\":\"Golden Drive\",\"url\":\"https:\/\/goldendrive.ee\/\",\"logo\":{\"@type\":\"ImageObject\",\"inLanguage\":\"en-US\",\"@id\":\"https:\/\/goldendrive.ee\/#\/schema\/logo\/image\/\",\"url\":\"https:\/\/goldendrive.ee\/wp-content\/uploads\/2025\/07\/logo-up.svg\",\"contentUrl\":\"https:\/\/goldendrive.ee\/wp-content\/uploads\/2025\/07\/logo-up.svg\",\"width\":909,\"height\":383,\"caption\":\"Golden Drive\"},\"image\":{\"@id\":\"https:\/\/goldendrive.ee\/#\/schema\/logo\/image\/\"}}]}<\/script>\n<!-- \/ Yoast SEO plugin. -->","yoast_head_json":{"title":"Cookie Policy - Golden Drive","description":"Premium-transfeer ja personaalne saateteenus Eestis. VIP-s\u00f5idud neile, kes hindavad mugavust, usaldusv\u00e4\u00e4rsust ja diskreetset teenindust.","robots":{"index":"index","follow":"follow","max-snippet":"max-snippet:-1","max-image-preview":"max-image-preview:large","max-video-preview":"max-video-preview:-1"},"canonical":"https:\/\/goldendrive.ee\/kupsiste-poliitika\/","og_locale":"en_US","og_type":"article","og_title":"Cookie Policy - Golden Drive","og_description":"Premium-transfeer ja personaalne saateteenus Eestis. VIP-s\u00f5idud neile, kes hindavad mugavust, usaldusv\u00e4\u00e4rsust ja diskreetset teenindust.","og_url":"https:\/\/goldendrive.ee\/kupsiste-poliitika\/","og_site_name":"Golden Drive","article_modified_time":"2025-08-15T06:35:35+00:00","og_image":[{"width":1920,"height":1280,"url":"https:\/\/goldendrive.ee\/wp-content\/uploads\/2025\/07\/main-goldendrive.jpg","type":"image\/jpeg"}],"twitter_card":"summary_large_image","twitter_misc":{"Est. reading time":"1 minute"},"schema":{"@context":"https:\/\/schema.org","@graph":[{"@type":"WebPage","@id":"https:\/\/goldendrive.ee\/kupsiste-poliitika\/","url":"https:\/\/goldendrive.ee\/kupsiste-poliitika\/","name":"Cookie Policy - Golden Drive","isPartOf":{"@id":"https:\/\/goldendrive.ee\/#website"},"datePublished":"2025-08-15T06:27:58+00:00","dateModified":"2025-08-15T06:35:35+00:00","description":"Premium-transfeer ja personaalne saateteenus Eestis. VIP-s\u00f5idud neile, kes hindavad mugavust, usaldusv\u00e4\u00e4rsust ja diskreetset teenindust.","breadcrumb":{"@id":"https:\/\/goldendrive.ee\/kupsiste-poliitika\/#breadcrumb"},"inLanguage":"en-US","potentialAction":[{"@type":"ReadAction","target":["https:\/\/goldendrive.ee\/kupsiste-poliitika\/"]}]},{"@type":"BreadcrumbList","@id":"https:\/\/goldendrive.ee\/kupsiste-poliitika\/#breadcrumb","itemListElement":[{"@type":"ListItem","position":1,"name":"Home","item":"https:\/\/goldendrive.ee\/"},{"@type":"ListItem","position":2,"name":"Cookie Policy"}]},{"@type":"WebSite","@id":"https:\/\/goldendrive.ee\/#website","url":"https:\/\/goldendrive.ee\/","name":"Golden Drive","description":"Premium-transfeer ja personaalne saateteenus Eestis","publisher":{"@id":"https:\/\/goldendrive.ee\/#organization"},"alternateName":"Golden Drive","potentialAction":[{"@type":"SearchAction","target":{"@type":"EntryPoint","urlTemplate":"https:\/\/goldendrive.ee\/?s={search_term_string}"},"query-input":{"@type":"PropertyValueSpecification","valueRequired":true,"valueName":"search_term_string"}}],"inLanguage":"en-US"},{"@type":"Organization","@id":"https:\/\/goldendrive.ee\/#organization","name":"Golden Drive","url":"https:\/\/goldendrive.ee\/","logo":{"@type":"ImageObject","inLanguage":"en-US","@id":"https:\/\/goldendrive.ee\/#\/schema\/logo\/image\/","url":"https:\/\/goldendrive.ee\/wp-content\/uploads\/2025\/07\/logo-up.svg","contentUrl":"https:\/\/goldendrive.ee\/wp-content\/uploads\/2025\/07\/logo-up.svg","width":909,"height":383,"caption":"Golden Drive"},"image":{"@id":"https:\/\/goldendrive.ee\/#\/schema\/logo\/image\/"}}]}},"_links":{"self":[{"href":"https:\/\/goldendrive.ee\/en\/wp-json\/wp\/v2\/pages\/3527","targetHints":{"allow":["GET"]}}],"collection":[{"href":"https:\/\/goldendrive.ee\/en\/wp-json\/wp\/v2\/pages"}],"about":[{"href":"https:\/\/goldendrive.ee\/en\/wp-json\/wp\/v2\/types\/page"}],"author":[{"embeddable":true,"href":"https:\/\/goldendrive.ee\/en\/wp-json\/wp\/v2\/users\/2"}],"replies":[{"embeddable":true,"href":"https:\/\/goldendrive.ee\/en\/wp-json\/wp\/v2\/comments?post=3527"}],"version-history":[{"count":4,"href":"https:\/\/goldendrive.ee\/en\/wp-json\/wp\/v2\/pages\/3527\/revisions"}],"predecessor-version":[{"id":3531,"href":"https:\/\/goldendrive.ee\/en\/wp-json\/wp\/v2\/pages\/3527\/revisions\/3531"}],"wp:attachment":[{"href":"https:\/\/goldendrive.ee\/en\/wp-json\/wp\/v2\/media?parent=3527"}],"curies":[{"name":"wp","href":"https:\/\/api.w.org\/{rel}","templated":true}]}}